{"id":6427,"date":"2024-12-20T07:02:19","date_gmt":"2024-12-20T07:02:19","guid":{"rendered":"https:\/\/physiqueswimming.com\/?page_id=6427"},"modified":"2025-12-12T02:50:51","modified_gmt":"2025-12-12T02:50:51","slug":"summer-day-camp","status":"publish","type":"page","link":"https:\/\/physiqueswimming.com\/es\/summer-day-camp\/","title":{"rendered":"Campamento de verano"},"content":{"rendered":"<section class=\"wpb-content-wrapper\"><div class=\"vc_row wpb_row vc_row-fluid dt-default\" style=\"margin-top: -50px;margin-bottom: -50px\"><div class=\"wpb_column vc_column_container vc_col-sm-12\"><div class=\"vc_column-inner vc_custom_1737058596482\"><div class=\"wpb_wrapper\"><div id=\"ultimate-heading-139469d6330567c38\" class=\"uvc-heading ult-adjust-bottom-margin ultimate-heading-139469d6330567c38 uvc-1445\" data-hspacer=\"line_only\"  data-halign=\"left\" style=\"text-align:left\"><div class=\"uvc-main-heading ult-responsive\"  data-ultimate-target='.uvc-heading.ultimate-heading-139469d6330567c38 h1'  data-responsive-json-new='{\"font-size\":\"desktop:36px;\",\"line-height\":\"\"}' ><h1 style=\"font-family:&#039;Inter&#039;;font-weight:500;color:#377aa8;margin-top:10px;\">Campamento de Verano Riverdale<\/h1><\/div><div class=\"uvc-heading-spacer line_only\" style=\"margin-top:5px;margin-bottom:5px;height:1px;\"><span class=\"uvc-headings-line\" style=\"border-style:solid;border-bottom-width:1px;border-color:#377aa8;width:autopx;\"><\/span><\/div><\/div>\n\t<div class=\"wpb_raw_code wpb_content_element wpb_raw_html\" >\n\t\t<div class=\"wpb_wrapper\">\n\t\t\t<div style=\"max-width: 900px; margin: 30px auto; padding: 24px; border-radius: 16px; background: #f4f8fb; border: 2px solid #377aa8; font-family: Lato, sans-serif;\">\n  \n  <h2 style=\"color: #377aa8; margin-top: 0;\">Actualizaci\u00f3n Importante del Campamento <\/h2>\n  \n  <p style=\"font-size: 16px; line-height: 1.6;\">\n    Estimadas familias del campamento, el Riverdale Neighborhood House operar\u00e1 su propio programa de campamento para la temporada de verano de 2026.\n  <\/p>\n  \n  <p style=\"font-size: 16px; line-height: 1.6;\">\n    Physique Swimming continuar\u00e1 apoyando con orgullo la parte acu\u00e1tica del programa; sin embargo, nosotros <strong>no estar\u00e1 gestionando el registro del campamento ni la planificaci\u00f3n general del programa<\/strong>.\n  <\/p>\n  \n  <p style=\"font-size: 16px; line-height: 1.6;\">\n   <strong>Para todas las preguntas relacionadas con el campamento, detalles de inscripci\u00f3n o informaci\u00f3n sobre el programa, por favor contacte a:<\/strong>\n  <\/p>\n  \n  <p style=\"font-size: 16px; line-height: 1.6;\">\n    <strong>RNH directamente, rnhsummercamp@riverdaleonline.org<\/strong><br>\n    \ud83d\udce7 <a href=\"mailto:rnhsummercamp@riverdaleonline.org\" style=\"color:#377aa8;\"><\/a>\n  <\/p>\n\n<\/div>\n\n\t\t<\/div>\n\t<\/div>\n<\/div><\/div><\/div><\/div>\n<\/section>","protected":false},"excerpt":{"rendered":"<p>Riverdale Summer Day Camp Important Camp Update Dear Camp Families, the Riverdale Neighborhood House will be operating its own camp program for the summer 2026 season. Physique Swimming will continue to proudly support the aquatics portion of the program; however, we will not be managing camp registration or general program planning. For all camp-related questions,&hellip;<\/p>","protected":false},"author":3,"featured_media":6449,"parent":0,"menu_order":0,"comment_status":"closed","ping_status":"closed","template":"","meta":{"_monsterinsights_skip_tracking":false,"_monsterinsights_sitenote_active":false,"_monsterinsights_sitenote_note":"","_monsterinsights_sitenote_category":0,"_uf_show_specific_survey":0,"_uf_disable_surveys":false},"class_list":["post-6427","page","type-page","status-publish","has-post-thumbnail","hentry","description-off"],"aioseo_notices":[],"aioseo_head":"\n\t\t<!-- All in One SEO Pro 4.9.5.2 - aioseo.com -->\n\t<meta name=\"description\" content=\"Make a splash this summer at Physique Swimming\u2019s Riverdale summer day camp! Fun, safe, and skill-building swimming day camp for kids 4-11 years. Enroll today!\" \/>\n\t<meta name=\"robots\" content=\"max-image-preview:large\" \/>\n\t<meta name=\"google-site-verification\" content=\"y_J5oO9rOvnIwIyKlTylHXFhmjXxJSB4XGCsbrYK0GE\" \/>\n\t<link rel=\"canonical\" href=\"https:\/\/physiqueswimming.com\/es\/summer-day-camp\/\" \/>\n\t<meta name=\"generator\" content=\"All in One SEO Pro (AIOSEO) 4.9.5.2\" \/>\n\t\t<meta property=\"og:locale\" content=\"es_ES\" \/>\n\t\t<meta property=\"og:site_name\" content=\"Physique Swimming\" \/>\n\t\t<meta property=\"og:type\" content=\"article\" \/>\n\t\t<meta property=\"og:title\" content=\"Riverdale Summer Day Camp \u203a Physique Swimming\" \/>\n\t\t<meta property=\"og:description\" content=\"Make a splash this summer at Physique Swimming\u2019s Riverdale summer day camp! Fun, safe, and skill-building swimming day camp for kids 4-11 years. Enroll today!\" \/>\n\t\t<meta property=\"og:url\" content=\"https:\/\/physiqueswimming.com\/es\/summer-day-camp\/\" \/>\n\t\t<meta property=\"fb:admins\" content=\"1074570111\" \/>\n\t\t<meta property=\"og:image\" content=\"https:\/\/physiqueswimming.com\/wp-content\/uploads\/2020\/03\/cropped-ps_logo_banner.png\" \/>\n\t\t<meta property=\"og:image:secure_url\" content=\"https:\/\/physiqueswimming.com\/wp-content\/uploads\/2020\/03\/cropped-ps_logo_banner.png\" \/>\n\t\t<meta property=\"og:image:width\" content=\"512\" \/>\n\t\t<meta property=\"og:image:height\" content=\"512\" \/>\n\t\t<meta property=\"article:published_time\" content=\"2024-12-20T07:02:19+00:00\" \/>\n\t\t<meta property=\"article:modified_time\" content=\"2025-12-12T02:50:51+00:00\" \/>\n\t\t<meta property=\"article:publisher\" content=\"https:\/\/www.facebook.com\/Physiqueswimming\/\" \/>\n\t\t<meta name=\"twitter:card\" content=\"summary_large_image\" \/>\n\t\t<meta name=\"twitter:title\" content=\"Riverdale Summer Day Camp \u203a Physique Swimming\" \/>\n\t\t<meta name=\"twitter:description\" content=\"Make a splash this summer at Physique Swimming\u2019s Riverdale summer day camp! Fun, safe, and skill-building swimming day camp for kids 4-11 years. Enroll today!\" \/>\n\t\t<meta name=\"twitter:image\" content=\"https:\/\/physiqueswimming.com\/wp-content\/uploads\/2020\/03\/cropped-ps_logo_banner.png\" \/>\n\t\t<script type=\"application\/ld+json\" class=\"aioseo-schema\">\n\t\t\t{\"@context\":\"https:\\\/\\\/schema.org\",\"@graph\":[{\"@type\":\"BreadcrumbList\",\"@id\":\"https:\\\/\\\/physiqueswimming.com\\\/es\\\/summer-day-camp\\\/#breadcrumblist\",\"itemListElement\":[{\"@type\":\"ListItem\",\"@id\":\"https:\\\/\\\/physiqueswimming.com\\\/es#listItem\",\"position\":1,\"name\":\"Home\",\"item\":\"https:\\\/\\\/physiqueswimming.com\\\/es\",\"nextItem\":{\"@type\":\"ListItem\",\"@id\":\"https:\\\/\\\/physiqueswimming.com\\\/es\\\/summer-day-camp\\\/#listItem\",\"name\":\"Summer Day Camp\"}},{\"@type\":\"ListItem\",\"@id\":\"https:\\\/\\\/physiqueswimming.com\\\/es\\\/summer-day-camp\\\/#listItem\",\"position\":2,\"name\":\"Summer Day Camp\",\"previousItem\":{\"@type\":\"ListItem\",\"@id\":\"https:\\\/\\\/physiqueswimming.com\\\/es#listItem\",\"name\":\"Home\"}}]},{\"@type\":\"Organization\",\"@id\":\"https:\\\/\\\/physiqueswimming.com\\\/es\\\/#organization\",\"name\":\"Physique Swimming\",\"description\":\"Top-ranked swim school proudly serving NYC and NJ for over 20 years. We offer a full range of swimming lessons, camps, American Red Cross training, and for all ages and abilities. Learn to Swim. Love the Water\",\"url\":\"https:\\\/\\\/physiqueswimming.com\\\/es\\\/\",\"email\":\"info@physiqueswimming.com\",\"telephone\":\"+12127250939\",\"foundingDate\":\"2005-01-01\",\"numberOfEmployees\":{\"@type\":\"QuantitativeValue\",\"minValue\":0,\"maxValue\":100},\"logo\":{\"@type\":\"ImageObject\",\"url\":\"https:\\\/\\\/physiqueswimming.com\\\/wp-content\\\/uploads\\\/2020\\\/03\\\/ps_logo_banner.png\",\"@id\":\"https:\\\/\\\/physiqueswimming.com\\\/es\\\/summer-day-camp\\\/#organizationLogo\",\"width\":750,\"height\":500},\"image\":{\"@id\":\"https:\\\/\\\/physiqueswimming.com\\\/es\\\/summer-day-camp\\\/#organizationLogo\"},\"sameAs\":[\"https:\\\/\\\/www.facebook.com\\\/Physiqueswimming\\\/\",\"https:\\\/\\\/www.instagram.com\\\/physiqueswimming\",\"https:\\\/\\\/www.tiktok.com\\\/@physiqueswimming\",\"https:\\\/\\\/www.yelp.com\\\/biz\\\/physique-swimming-new-york-2?osq=Physique+Swimming\"]},{\"@type\":\"WebPage\",\"@id\":\"https:\\\/\\\/physiqueswimming.com\\\/es\\\/summer-day-camp\\\/#webpage\",\"url\":\"https:\\\/\\\/physiqueswimming.com\\\/es\\\/summer-day-camp\\\/\",\"name\":\"Riverdale Summer Day Camp \\u203a Physique Swimming\",\"description\":\"Make a splash this summer at Physique Swimming\\u2019s Riverdale summer day camp! Fun, safe, and skill-building swimming day camp for kids 4-11 years. Enroll today!\",\"inLanguage\":\"es-DO\",\"isPartOf\":{\"@id\":\"https:\\\/\\\/physiqueswimming.com\\\/es\\\/#website\"},\"breadcrumb\":{\"@id\":\"https:\\\/\\\/physiqueswimming.com\\\/es\\\/summer-day-camp\\\/#breadcrumblist\"},\"image\":{\"@type\":\"ImageObject\",\"url\":\"https:\\\/\\\/physiqueswimming.com\\\/wp-content\\\/uploads\\\/2024\\\/12\\\/PSwim72424-88-scaled.jpg\",\"@id\":\"https:\\\/\\\/physiqueswimming.com\\\/es\\\/summer-day-camp\\\/#mainImage\",\"width\":2560,\"height\":1707,\"caption\":\"Young swimmers smiling and laughing by the pool.\"},\"primaryImageOfPage\":{\"@id\":\"https:\\\/\\\/physiqueswimming.com\\\/es\\\/summer-day-camp\\\/#mainImage\"},\"datePublished\":\"2024-12-20T07:02:19+00:00\",\"dateModified\":\"2025-12-12T02:50:51+00:00\"},{\"@type\":\"WebSite\",\"@id\":\"https:\\\/\\\/physiqueswimming.com\\\/es\\\/#website\",\"url\":\"https:\\\/\\\/physiqueswimming.com\\\/es\\\/\",\"name\":\"Physique Swimming\",\"alternateName\":\"Physique Swim School\",\"description\":\"Learn to Swim. Love the Water\",\"inLanguage\":\"es-DO\",\"publisher\":{\"@id\":\"https:\\\/\\\/physiqueswimming.com\\\/es\\\/#organization\"}}]}\n\t\t<\/script>\n\t\t<!-- All in One SEO Pro -->\r\n\t\t<title>Riverdale Summer Day Camp \u203a Physique Swimming<\/title>\n\n","aioseo_head_json":{"title":"Riverdale Summer Day Camp \u203a Physique Swimming","description":"Make a splash this summer at Physique Swimming\u2019s Riverdale summer day camp! Fun, safe, and skill-building swimming day camp for kids 4-11 years. Enroll today!","canonical_url":"https:\/\/physiqueswimming.com\/es\/summer-day-camp\/","robots":"max-image-preview:large","keywords":"","webmasterTools":{"google-site-verification":"y_J5oO9rOvnIwIyKlTylHXFhmjXxJSB4XGCsbrYK0GE","miscellaneous":""},"schema":{"@context":"https:\/\/schema.org","@graph":[{"@type":"BreadcrumbList","@id":"https:\/\/physiqueswimming.com\/es\/summer-day-camp\/#breadcrumblist","itemListElement":[{"@type":"ListItem","@id":"https:\/\/physiqueswimming.com\/es#listItem","position":1,"name":"Home","item":"https:\/\/physiqueswimming.com\/es","nextItem":{"@type":"ListItem","@id":"https:\/\/physiqueswimming.com\/es\/summer-day-camp\/#listItem","name":"Summer Day Camp"}},{"@type":"ListItem","@id":"https:\/\/physiqueswimming.com\/es\/summer-day-camp\/#listItem","position":2,"name":"Summer Day Camp","previousItem":{"@type":"ListItem","@id":"https:\/\/physiqueswimming.com\/es#listItem","name":"Home"}}]},{"@type":"Organization","@id":"https:\/\/physiqueswimming.com\/es\/#organization","name":"Physique Swimming","description":"Top-ranked swim school proudly serving NYC and NJ for over 20 years. We offer a full range of swimming lessons, camps, American Red Cross training, and for all ages and abilities. Learn to Swim. Love the Water","url":"https:\/\/physiqueswimming.com\/es\/","email":"info@physiqueswimming.com","telephone":"+12127250939","foundingDate":"2005-01-01","numberOfEmployees":{"@type":"QuantitativeValue","minValue":0,"maxValue":100},"logo":{"@type":"ImageObject","url":"https:\/\/physiqueswimming.com\/wp-content\/uploads\/2020\/03\/ps_logo_banner.png","@id":"https:\/\/physiqueswimming.com\/es\/summer-day-camp\/#organizationLogo","width":750,"height":500},"image":{"@id":"https:\/\/physiqueswimming.com\/es\/summer-day-camp\/#organizationLogo"},"sameAs":["https:\/\/www.facebook.com\/Physiqueswimming\/","https:\/\/www.instagram.com\/physiqueswimming","https:\/\/www.tiktok.com\/@physiqueswimming","https:\/\/www.yelp.com\/biz\/physique-swimming-new-york-2?osq=Physique+Swimming"]},{"@type":"WebPage","@id":"https:\/\/physiqueswimming.com\/es\/summer-day-camp\/#webpage","url":"https:\/\/physiqueswimming.com\/es\/summer-day-camp\/","name":"Riverdale Summer Day Camp \u203a Physique Swimming","description":"Make a splash this summer at Physique Swimming\u2019s Riverdale summer day camp! Fun, safe, and skill-building swimming day camp for kids 4-11 years. Enroll today!","inLanguage":"es-DO","isPartOf":{"@id":"https:\/\/physiqueswimming.com\/es\/#website"},"breadcrumb":{"@id":"https:\/\/physiqueswimming.com\/es\/summer-day-camp\/#breadcrumblist"},"image":{"@type":"ImageObject","url":"https:\/\/physiqueswimming.com\/wp-content\/uploads\/2024\/12\/PSwim72424-88-scaled.jpg","@id":"https:\/\/physiqueswimming.com\/es\/summer-day-camp\/#mainImage","width":2560,"height":1707,"caption":"Young swimmers smiling and laughing by the pool."},"primaryImageOfPage":{"@id":"https:\/\/physiqueswimming.com\/es\/summer-day-camp\/#mainImage"},"datePublished":"2024-12-20T07:02:19+00:00","dateModified":"2025-12-12T02:50:51+00:00"},{"@type":"WebSite","@id":"https:\/\/physiqueswimming.com\/es\/#website","url":"https:\/\/physiqueswimming.com\/es\/","name":"Physique Swimming","alternateName":"Physique Swim School","description":"Learn to Swim. Love the Water","inLanguage":"es-DO","publisher":{"@id":"https:\/\/physiqueswimming.com\/es\/#organization"}}]},"og:locale":"es_ES","og:site_name":"Physique Swimming","og:type":"article","og:title":"Riverdale Summer Day Camp \u203a Physique Swimming","og:description":"Make a splash this summer at Physique Swimming\u2019s Riverdale summer day camp! Fun, safe, and skill-building swimming day camp for kids 4-11 years. Enroll today!","og:url":"https:\/\/physiqueswimming.com\/es\/summer-day-camp\/","fb:admins":"1074570111","og:image":"https:\/\/physiqueswimming.com\/wp-content\/uploads\/2020\/03\/cropped-ps_logo_banner.png","og:image:secure_url":"https:\/\/physiqueswimming.com\/wp-content\/uploads\/2020\/03\/cropped-ps_logo_banner.png","og:image:width":512,"og:image:height":512,"article:published_time":"2024-12-20T07:02:19+00:00","article:modified_time":"2025-12-12T02:50:51+00:00","article:publisher":"https:\/\/www.facebook.com\/Physiqueswimming\/","twitter:card":"summary_large_image","twitter:title":"Riverdale Summer Day Camp \u203a Physique Swimming","twitter:description":"Make a splash this summer at Physique Swimming\u2019s Riverdale summer day camp! Fun, safe, and skill-building swimming day camp for kids 4-11 years. Enroll today!","twitter:image":"https:\/\/physiqueswimming.com\/wp-content\/uploads\/2020\/03\/cropped-ps_logo_banner.png"},"aioseo_meta_data":{"post_id":"6427","title":"Riverdale #post_title #separator_sa #site_title","description":"Make a splash this summer at Physique Swimming\u2019s Riverdale summer day camp! Fun, safe, and skill-building swimming day camp for kids 4-11 years. Enroll today!","keywords":null,"keyphrases":{"focus":{"keyphrase":"summer day camp","score":80,"analysis":{"keyphraseInTitle":{"score":9,"maxScore":9,"error":0},"keyphraseInDescription":{"score":9,"maxScore":9,"error":0},"keyphraseLength":{"score":9,"maxScore":9,"error":0,"length":3},"keyphraseInURL":{"score":5,"maxScore":5,"error":0},"keyphraseInIntroduction":{"score":3,"maxScore":9,"error":1},"keyphraseInSubHeadings":{"score":3,"maxScore":9,"error":1},"keyphraseInImageAlt":[],"keywordDensity":{"type":"best","score":9,"maxScore":9,"error":0}}},"additional":[]},"primary_term":null,"canonical_url":null,"og_title":null,"og_description":null,"og_object_type":"default","og_image_type":"default","og_image_url":null,"og_image_width":null,"og_image_height":null,"og_image_custom_url":null,"og_image_custom_fields":null,"og_video":"","og_custom_url":null,"og_article_section":null,"og_article_tags":null,"twitter_use_og":false,"twitter_card":"default","twitter_image_type":"default","twitter_image_url":null,"twitter_image_custom_url":null,"twitter_image_custom_fields":null,"twitter_title":null,"twitter_description":null,"schema":{"blockGraphs":[],"customGraphs":[],"default":{"data":{"Article":[],"Course":[],"Dataset":[],"FAQPage":[],"Movie":[],"Person":[],"Product":[],"ProductReview":[],"Car":[],"Recipe":[],"Service":[],"SoftwareApplication":[],"WebPage":[]},"graphName":"WebPage","isEnabled":true},"graphs":[]},"schema_type":"default","schema_type_options":null,"pillar_content":false,"robots_default":true,"robots_noindex":false,"robots_noarchive":false,"robots_nosnippet":false,"robots_nofollow":false,"robots_noimageindex":false,"robots_noodp":false,"robots_notranslate":false,"robots_max_snippet":"-1","robots_max_videopreview":"-1","robots_max_imagepreview":"large","priority":null,"frequency":"default","local_seo":null,"seo_analyzer_scan_date":"2025-12-12 02:57:24","breadcrumb_settings":null,"limit_modified_date":false,"reviewed_by":"0","open_ai":"{\"title\":{\"suggestions\":[],\"usage\":0},\"description\":{\"suggestions\":[],\"usage\":0}}","ai":{"faqs":[],"keyPoints":[],"titles":[],"descriptions":[],"socialPosts":{"email":[],"linkedin":[],"twitter":[],"facebook":[],"instagram":[]}},"created":"2024-12-20 03:29:57","updated":"2025-12-12 02:57:24"},"aioseo_breadcrumb":"<div class=\"aioseo-breadcrumbs\"><span class=\"aioseo-breadcrumb\">\n\t<a href=\"https:\/\/physiqueswimming.com\/es\" title=\"Home\">Home<\/a>\n<\/span><span class=\"aioseo-breadcrumb-separator\">\u00bb<\/span><span class=\"aioseo-breadcrumb\">\n\tSummer Day Camp\n<\/span><\/div>","aioseo_breadcrumb_json":[{"label":"Home","link":"https:\/\/physiqueswimming.com\/es"},{"label":"Summer Day Camp","link":"https:\/\/physiqueswimming.com\/es\/summer-day-camp\/"}],"_links":{"self":[{"href":"https:\/\/physiqueswimming.com\/es\/wp-json\/wp\/v2\/pages\/6427","targetHints":{"allow":["GET"]}}],"collection":[{"href":"https:\/\/physiqueswimming.com\/es\/wp-json\/wp\/v2\/pages"}],"about":[{"href":"https:\/\/physiqueswimming.com\/es\/wp-json\/wp\/v2\/types\/page"}],"author":[{"embeddable":true,"href":"https:\/\/physiqueswimming.com\/es\/wp-json\/wp\/v2\/users\/3"}],"replies":[{"embeddable":true,"href":"https:\/\/physiqueswimming.com\/es\/wp-json\/wp\/v2\/comments?post=6427"}],"version-history":[{"count":207,"href":"https:\/\/physiqueswimming.com\/es\/wp-json\/wp\/v2\/pages\/6427\/revisions"}],"predecessor-version":[{"id":7813,"href":"https:\/\/physiqueswimming.com\/es\/wp-json\/wp\/v2\/pages\/6427\/revisions\/7813"}],"wp:featuredmedia":[{"embeddable":true,"href":"https:\/\/physiqueswimming.com\/es\/wp-json\/wp\/v2\/media\/6449"}],"wp:attachment":[{"href":"https:\/\/physiqueswimming.com\/es\/wp-json\/wp\/v2\/media?parent=6427"}],"curies":[{"name":"wp","href":"https:\/\/api.w.org\/{rel}","templated":true}]}}