{"id":5404,"date":"2024-08-15T17:42:57","date_gmt":"2024-08-15T17:42:57","guid":{"rendered":"https:\/\/physiqueswmstg.wpenginepowered.com\/?page_id=5404"},"modified":"2025-10-22T15:42:21","modified_gmt":"2025-10-22T15:42:21","slug":"schedules","status":"publish","type":"page","link":"https:\/\/physiqueswimming.com\/es\/schedules\/","title":{"rendered":"Horarios"},"content":{"rendered":"<section class=\"wpb-content-wrapper\"><div class=\"vc_row wpb_row vc_row-fluid full-width-wrap dt-default\" style=\"padding-left: 0px;padding-right: 0px;margin-top: -50px;margin-bottom: -50px\"><div class=\"wpb_column vc_column_container vc_col-sm-12\"><div class=\"vc_column-inner vc_custom_1723665111910\"><div class=\"wpb_wrapper\"><div class=\"vc_row wpb_row vc_inner vc_row-fluid vc_row-o-equal-height vc_row-flex\"><div class=\"wpb_column vc_column_container vc_col-sm-12\"><div class=\"vc_column-inner\"><div class=\"wpb_wrapper\"><div id=\"ultimate-heading-56069e664cdc44cc\" class=\"uvc-heading ult-adjust-bottom-margin ultimate-heading-56069e664cdc44cc uvc-4479\" data-hspacer=\"line_only\"  data-halign=\"left\" style=\"text-align:left\"><div class=\"uvc-main-heading ult-responsive\"  data-ultimate-target='.uvc-heading.ultimate-heading-56069e664cdc44cc h1'  data-responsive-json-new='{\"font-size\":\"desktop:36px;tablet:32px;tablet_portrait:32px;mobile_landscape:28px;mobile:28px;\",\"line-height\":\"\"}' ><h1 style=\"font-family:&#039;Inter&#039;;font-weight:500;color:#377aa8;margin-top:15px;\">Horarios de clases de nataci\u00f3n<\/h1><\/div><div class=\"uvc-heading-spacer line_only\" style=\"margin-bottom:5px;height:1px;\"><span class=\"uvc-headings-line\" style=\"border-style:solid;border-bottom-width:1px;border-color:#377aa8;width:autopx;\"><\/span><\/div><\/div>\n\t<div class=\"wpb_text_column wpb_content_element\" >\n\t\t<div class=\"wpb_wrapper\">\n\t\t\t<p>Explora nuestros horarios de clases de nataci\u00f3n en NYC y NJ. Desde clases de nataci\u00f3n para ni\u00f1os hasta programas para adultos y familias, nuestros instructores certificados, grupos peque\u00f1os y opciones flexibles hacen que sea f\u00e1cil aprender y amar el agua. Navega por los horarios a continuaci\u00f3n y reg\u00edstrate hoy mismo para comenzar tu viaje en la nataci\u00f3n.<\/p>\n\n\t\t<\/div>\n\t<\/div>\n<\/div><\/div><\/div><\/div><div class=\"vc_row wpb_row vc_inner vc_row-fluid vc_column-gap-15 vc_row-o-equal-height vc_row-flex\"><div class=\"wpb_column vc_column_container vc_col-sm-6 vc_col-has-fill\"><div class=\"vc_column-inner vc_custom_1752870790444\"><div class=\"wpb_wrapper\"><div class=\"ult-content-box-container\" >\t<a class=\"ult-content-box-anchor\" href=\"https:\/\/physiqueswimming.com\/es\/schedules\/new-york\/\" title=\"Nueva York\" >\t\t<div class=\"ult-content-box\" style=\"background-image:url(&#039;https:\/\/physiqueswimming.com\/wp-content\/uploads\/2025\/07\/1.jpeg&#039;);background-size: cover;background-repeat: no-repeat;background-position: center center;background-color: rgba(0, 0, 0, 0);box-shadow: px px px px none;border-style:solid;border-top-width:3px;border-right-width:6px;border-bottom-width:6px;border-left-width:3px;border-radius:10px;border-color:#377aa8;padding:10px;margin:10px;-webkit-transition: all 700ms ease;-moz-transition: all 700ms ease;-ms-transition: all 700ms ease;-o-transition: all 700ms ease;transition: all 700ms ease;\"  data-hover_box_shadow=\"none\"  data-hover_border_color=\"#ffa500\"    data-normal_margins=\"margin:10px;\"   data-border_color=\"#377aa8\" ><div id=\"ultimate-heading-724269e664cdc4d48\" class=\"uvc-heading ult-adjust-bottom-margin ultimate-heading-724269e664cdc4d48 uvc-3810\" data-hspacer=\"line_only\"  data-halign=\"center\" style=\"text-align:center\"><div class=\"uvc-main-heading ult-responsive\"  data-ultimate-target='.uvc-heading.ultimate-heading-724269e664cdc4d48 h2'  data-responsive-json-new='{\"font-size\":\"desktop:36px;tablet:32px;tablet_portrait:32px;mobile_landscape:28px;mobile:28px;\",\"line-height\":\"\"}' ><h2 style=\"font-family:&#039;Inter&#039;;font-weight:500;color:#337aa8;margin-top:10px;\">Nueva York<\/h2><\/div><div class=\"uvc-heading-spacer line_only\" style=\"margin-bottom:5px;height:1px;\"><span class=\"uvc-headings-line\" style=\"border-style:solid;border-bottom-width:1px;border-color:#377aa8;width:autopx;\"><\/span><\/div><div class=\"uvc-sub-heading ult-responsive\"  data-ultimate-target='.uvc-heading.ultimate-heading-724269e664cdc4d48 .uvc-sub-heading '  data-responsive-json-new='{\"font-size\":\"desktop:22px;tablet:20px;tablet_portrait:20px;mobile_landscape:18px;mobile:16px;\",\"line-height\":\"\"}'  style=\"font-family:&#039;Inter&#039;;font-weight:normal;font-style:normal;color:#337aa8;margin-top:5px;margin-bottom:10px;\"><\/p>\n<p style=\"text-align: center;\">Manhattan, El Bronx y Brooklyn<\/p>\n<p><\/div><\/div><div class=\"vc_empty_space\"   style=\"height: 50px\"><span class=\"vc_empty_space_inner\"><\/span><\/div><div class=\"vc_custom_1753977987119 ubtn-ctn-center\"><a class=\"ubtn-link ult-adjust-bottom-margin ubtn-center ubtn-block\" href=\"https:\/\/physiqueswimming.com\/es\/schedules\/new-york\/\" title=\"Nueva York\" ><button type=\"button\" id=\"ubtn-9684\"  class=\"ubtn ult-adjust-bottom-margin ult-responsive ubtn-block ubtn-no-hover-bg  ulta-pulse-grow  ubtn-sep-icon ubtn-sep-icon-at-left  ubtn-center   tooltip-69e664cdc4eb7 ubtn-block\"  data-hover=\"#ffffff\" data-border-color=\"#ffa500\" data-bg=\"#ffa500\" data-hover-bg=\"#ffa500\" data-border-hover=\"#ffa500\" data-shadow-hover=\"\" data-shadow-click=\"none\" data-shadow=\"\" data-shd-shadow=\"\"  data-ultimate-target='#ubtn-9684'  data-responsive-json-new='{\"font-size\":\"desktop:18px;\",\"line-height\":\"\"}'  style=\"font-family:&#039;Inter&#039;;font-weight:500;border-radius:10px;border-width:3px;border-color:#ffa500;border-style:solid;background: #ffa500;color: #ffffff;\"><span class=\"ubtn-data ubtn-icon\"><i class=\"fas fa-calendar\" style=\"font-size:20px;color:#ffffff;\"><\/i><\/span><span class=\"ubtn-hover\" style=\"background-color:#ffa500\"><\/span><span class=\"ubtn-data ubtn-text\" >Ver horarios<\/span><\/button><\/a><\/div>\t\t<\/div>\t<\/a><\/div><\/div><\/div><\/div><div class=\"wpb_column vc_column_container vc_col-sm-6 vc_col-has-fill\"><div class=\"vc_column-inner vc_custom_1752870992360\"><div class=\"wpb_wrapper\"><div class=\"ult-content-box-container\" >\t<a class=\"ult-content-box-anchor\" href=\"https:\/\/physiqueswimming.com\/es\/schedules\/new-jersey\/\" title=\"Nueva Jersey\" >\t\t<div class=\"ult-content-box\" style=\"background-image:url(&#039;https:\/\/physiqueswimming.com\/wp-content\/uploads\/2025\/07\/1.jpeg&#039;);background-size: cover;background-repeat: no-repeat;background-position: center center;background-color: rgba(0, 0, 0, 0);box-shadow: px px px px none;border-style:solid;border-top-width:3px;border-right-width:6px;border-bottom-width:6px;border-left-width:3px;border-radius:10px;border-color:#377aa8;padding:10px;margin:10px;-webkit-transition: all 700ms ease;-moz-transition: all 700ms ease;-ms-transition: all 700ms ease;-o-transition: all 700ms ease;transition: all 700ms ease;\"  data-hover_box_shadow=\"none\"  data-hover_border_color=\"#ffa500\"    data-normal_margins=\"margin:10px;\"   data-border_color=\"#377aa8\" ><div id=\"ultimate-heading-128269e664cdc5155\" class=\"uvc-heading ult-adjust-bottom-margin ultimate-heading-128269e664cdc5155 uvc-4733\" data-hspacer=\"line_only\"  data-halign=\"center\" style=\"text-align:center\"><div class=\"uvc-main-heading ult-responsive\"  data-ultimate-target='.uvc-heading.ultimate-heading-128269e664cdc5155 h2'  data-responsive-json-new='{\"font-size\":\"desktop:36px;tablet:32px;tablet_portrait:32px;mobile_landscape:28px;mobile:28px;\",\"line-height\":\"\"}' ><h2 style=\"font-family:&#039;Inter&#039;;font-weight:500;color:#377aa8;margin-top:10px;\">Nueva Jersey<\/h2><\/div><div class=\"uvc-heading-spacer line_only\" style=\"margin-bottom:5px;height:1px;\"><span class=\"uvc-headings-line\" style=\"border-style:solid;border-bottom-width:1px;border-color:#377aa8;width:autopx;\"><\/span><\/div><div class=\"uvc-sub-heading ult-responsive\"  data-ultimate-target='.uvc-heading.ultimate-heading-128269e664cdc5155 .uvc-sub-heading '  data-responsive-json-new='{\"font-size\":\"desktop:22px;tablet:20px;tablet_portrait:20px;mobile_landscape:18px;mobile:16px;\",\"line-height\":\"\"}'  style=\"font-family:&#039;Inter&#039;;font-weight:normal;color:#377aa8;margin-top:5px;margin-bottom:10px;\">Tewksbury, Branchburg, Union Township<\/div><\/div><div class=\"vc_empty_space\"   style=\"height: 50px\"><span class=\"vc_empty_space_inner\"><\/span><\/div><div class=\"vc_custom_1752871037529 ubtn-ctn-center\"><a class=\"ubtn-link ult-adjust-bottom-margin ubtn-center ubtn-block\" href=\"https:\/\/physiqueswimming.com\/es\/schedules\/new-jersey\/\" title=\"Nueva Jersey\" ><button type=\"button\" id=\"ubtn-8501\"  class=\"ubtn ult-adjust-bottom-margin ult-responsive ubtn-block ubtn-no-hover-bg  ulta-pulse-grow  ubtn-sep-icon ubtn-sep-icon-at-left  ubtn-center   tooltip-69e664cdc5273 ubtn-block\"  data-hover=\"#ffffff\" data-border-color=\"#ffa500\" data-bg=\"#ffa500\" data-hover-bg=\"#ffa500\" data-border-hover=\"#ffa500\" data-shadow-hover=\"\" data-shadow-click=\"none\" data-shadow=\"\" data-shd-shadow=\"\"  data-ultimate-target='#ubtn-8501'  data-responsive-json-new='{\"font-size\":\"desktop:18px;\",\"line-height\":\"\"}'  style=\"font-family:&#039;Inter&#039;;font-weight:500;border-radius:10px;border-width:3px;border-color:#ffa500;border-style:solid;background: #ffa500;color: #ffffff;\"><span class=\"ubtn-data ubtn-icon\"><i class=\"fas fa-calendar\" style=\"font-size:22px;color:#ffffff;\"><\/i><\/span><span class=\"ubtn-hover\" style=\"background-color:#ffa500\"><\/span><span class=\"ubtn-data ubtn-text\" >Ver horarios<\/span><\/button><\/a><\/div>\t\t<\/div>\t<\/a><\/div><\/div><\/div><\/div><\/div><\/div><\/div><\/div><\/div>\n<\/section>","protected":false},"excerpt":{"rendered":"<p>Swim Class Schedules Explore our swim class schedules in NYC and NJ. \u00a0From kids\u2019 swimming lessons to adult and family programs, our certified instructors, small class sizes, and flexible options make it easy to learn and love the water. Browse the schedules below and sign up today to start your swimming journey. New York City&hellip;<\/p>","protected":false},"author":10,"featured_media":7290,"parent":0,"menu_order":0,"comment_status":"closed","ping_status":"closed","template":"","meta":{"_monsterinsights_skip_tracking":false,"_monsterinsights_sitenote_active":false,"_monsterinsights_sitenote_note":"","_monsterinsights_sitenote_category":0,"_uf_show_specific_survey":0,"_uf_disable_surveys":false},"class_list":["post-5404","page","type-page","status-publish","has-post-thumbnail","hentry","description-off"],"aioseo_notices":[],"aioseo_head":"\n\t\t<!-- All in One SEO Pro 4.9.6.2 - aioseo.com -->\n\t<meta name=\"description\" content=\"View Physique Swimming\u2019s NYC &amp; NJ swim class schedules. Find kids, adult, and family swimming lessons near you. Enroll today and make a splash!\" \/>\n\t<meta name=\"robots\" content=\"max-image-preview:large\" \/>\n\t<meta name=\"google-site-verification\" content=\"y_J5oO9rOvnIwIyKlTylHXFhmjXxJSB4XGCsbrYK0GE\" \/>\n\t<link rel=\"canonical\" href=\"https:\/\/physiqueswimming.com\/schedules\/\" \/>\n\t<meta name=\"generator\" content=\"All in One SEO Pro (AIOSEO) 4.9.6.2\" \/>\n\t\t<meta property=\"og:locale\" content=\"es_ES\" \/>\n\t\t<meta property=\"og:site_name\" content=\"Physique Swimming\" \/>\n\t\t<meta property=\"og:type\" content=\"article\" \/>\n\t\t<meta property=\"og:title\" content=\"Swim Class Schedules - NYC &amp; NJ \u203a Physique Swimming\" \/>\n\t\t<meta property=\"og:description\" content=\"View Physique Swimming\u2019s NYC &amp; NJ swim class schedules. Find kids, adult, and family swimming lessons near you. Enroll today and make a splash!\" \/>\n\t\t<meta property=\"og:url\" content=\"https:\/\/physiqueswimming.com\/schedules\/\" \/>\n\t\t<meta property=\"fb:admins\" content=\"1074570111\" \/>\n\t\t<meta property=\"og:image\" content=\"https:\/\/physiqueswimming.com\/wp-content\/uploads\/2020\/03\/cropped-ps_logo_banner.png\" \/>\n\t\t<meta property=\"og:image:secure_url\" content=\"https:\/\/physiqueswimming.com\/wp-content\/uploads\/2020\/03\/cropped-ps_logo_banner.png\" \/>\n\t\t<meta property=\"og:image:width\" content=\"512\" \/>\n\t\t<meta property=\"og:image:height\" content=\"512\" \/>\n\t\t<meta property=\"article:published_time\" content=\"2024-08-15T17:42:57+00:00\" \/>\n\t\t<meta property=\"article:modified_time\" content=\"2025-10-22T15:42:21+00:00\" \/>\n\t\t<meta property=\"article:publisher\" content=\"https:\/\/www.facebook.com\/Physiqueswimming\/\" \/>\n\t\t<meta name=\"twitter:card\" content=\"summary_large_image\" \/>\n\t\t<meta name=\"twitter:title\" content=\"Swim Class Schedules - NYC &amp; NJ \u203a Physique Swimming\" \/>\n\t\t<meta name=\"twitter:description\" content=\"View Physique Swimming\u2019s NYC &amp; NJ swim class schedules. Find kids, adult, and family swimming lessons near you. Enroll today and make a splash!\" \/>\n\t\t<meta name=\"twitter:image\" content=\"https:\/\/physiqueswimming.com\/wp-content\/uploads\/2020\/03\/cropped-ps_logo_banner.png\" \/>\n\t\t<script type=\"application\/ld+json\" class=\"aioseo-schema\">\n\t\t\t{\"@context\":\"https:\\\/\\\/schema.org\",\"@graph\":[{\"@type\":\"BreadcrumbList\",\"@id\":\"https:\\\/\\\/physiqueswimming.com\\\/es\\\/schedules\\\/#breadcrumblist\",\"itemListElement\":[{\"@type\":\"ListItem\",\"@id\":\"https:\\\/\\\/physiqueswimming.com\\\/es#listItem\",\"position\":1,\"name\":\"Home\",\"item\":\"https:\\\/\\\/physiqueswimming.com\\\/es\",\"nextItem\":{\"@type\":\"ListItem\",\"@id\":\"https:\\\/\\\/physiqueswimming.com\\\/es\\\/schedules\\\/#listItem\",\"name\":\"Schedules\"}},{\"@type\":\"ListItem\",\"@id\":\"https:\\\/\\\/physiqueswimming.com\\\/es\\\/schedules\\\/#listItem\",\"position\":2,\"name\":\"Schedules\",\"previousItem\":{\"@type\":\"ListItem\",\"@id\":\"https:\\\/\\\/physiqueswimming.com\\\/es#listItem\",\"name\":\"Home\"}}]},{\"@type\":\"Organization\",\"@id\":\"https:\\\/\\\/physiqueswimming.com\\\/es\\\/#organization\",\"name\":\"Physique Swimming\",\"description\":\"Top-ranked swim school proudly serving NYC and NJ for over 20 years. We offer a full range of swimming lessons, camps, American Red Cross training, and for all ages and abilities. Learn to Swim. Love the Water\",\"url\":\"https:\\\/\\\/physiqueswimming.com\\\/es\\\/\",\"email\":\"info@physiqueswimming.com\",\"telephone\":\"+12127250939\",\"foundingDate\":\"2005-01-01\",\"numberOfEmployees\":{\"@type\":\"QuantitativeValue\",\"minValue\":0,\"maxValue\":100},\"logo\":{\"@type\":\"ImageObject\",\"url\":\"https:\\\/\\\/physiqueswimming.com\\\/wp-content\\\/uploads\\\/2020\\\/03\\\/ps_logo_banner.png\",\"@id\":\"https:\\\/\\\/physiqueswimming.com\\\/es\\\/schedules\\\/#organizationLogo\",\"width\":750,\"height\":500},\"image\":{\"@id\":\"https:\\\/\\\/physiqueswimming.com\\\/es\\\/schedules\\\/#organizationLogo\"},\"sameAs\":[\"https:\\\/\\\/www.facebook.com\\\/Physiqueswimming\\\/\",\"https:\\\/\\\/www.instagram.com\\\/physiqueswimming\",\"https:\\\/\\\/www.tiktok.com\\\/@physiqueswimming\",\"https:\\\/\\\/www.yelp.com\\\/biz\\\/physique-swimming-new-york-2?osq=Physique+Swimming\"]},{\"@type\":\"WebPage\",\"@id\":\"https:\\\/\\\/physiqueswimming.com\\\/es\\\/schedules\\\/#webpage\",\"url\":\"https:\\\/\\\/physiqueswimming.com\\\/es\\\/schedules\\\/\",\"name\":\"Swim Class Schedules - NYC & NJ \\u203a Physique Swimming\",\"description\":\"View Physique Swimming\\u2019s NYC & NJ swim class schedules. Find kids, adult, and family swimming lessons near you. Enroll today and make a splash!\",\"inLanguage\":\"es-DO\",\"isPartOf\":{\"@id\":\"https:\\\/\\\/physiqueswimming.com\\\/es\\\/#website\"},\"breadcrumb\":{\"@id\":\"https:\\\/\\\/physiqueswimming.com\\\/es\\\/schedules\\\/#breadcrumblist\"},\"image\":{\"@type\":\"ImageObject\",\"url\":\"https:\\\/\\\/physiqueswimming.com\\\/wp-content\\\/uploads\\\/2025\\\/07\\\/PSwim7925-6-1-scaled.jpg\",\"@id\":\"https:\\\/\\\/physiqueswimming.com\\\/es\\\/schedules\\\/#mainImage\",\"width\":2560,\"height\":1707,\"caption\":\"Indoor swimming pool with starting blocks, depth marker, staff member on deck, and tiled walls\"},\"primaryImageOfPage\":{\"@id\":\"https:\\\/\\\/physiqueswimming.com\\\/es\\\/schedules\\\/#mainImage\"},\"datePublished\":\"2024-08-15T17:42:57+00:00\",\"dateModified\":\"2025-10-22T15:42:21+00:00\"},{\"@type\":\"WebSite\",\"@id\":\"https:\\\/\\\/physiqueswimming.com\\\/es\\\/#website\",\"url\":\"https:\\\/\\\/physiqueswimming.com\\\/es\\\/\",\"name\":\"Physique Swimming\",\"alternateName\":\"Physique Swim School\",\"description\":\"Learn to Swim. Love the Water\",\"inLanguage\":\"es-DO\",\"publisher\":{\"@id\":\"https:\\\/\\\/physiqueswimming.com\\\/es\\\/#organization\"}}]}\n\t\t<\/script>\n\t\t<!-- All in One SEO Pro -->\r\n\t\t<title>Swim Class Schedules - NYC &amp; NJ \u203a Physique Swimming<\/title>\n\n","aioseo_head_json":{"title":"Swim Class Schedules - NYC & NJ \u203a Physique Swimming","description":"View Physique Swimming\u2019s NYC & NJ swim class schedules. Find kids, adult, and family swimming lessons near you. Enroll today and make a splash!","canonical_url":"https:\/\/physiqueswimming.com\/schedules\/","robots":"max-image-preview:large","keywords":"","webmasterTools":{"google-site-verification":"y_J5oO9rOvnIwIyKlTylHXFhmjXxJSB4XGCsbrYK0GE","miscellaneous":""},"schema":{"@context":"https:\/\/schema.org","@graph":[{"@type":"BreadcrumbList","@id":"https:\/\/physiqueswimming.com\/es\/schedules\/#breadcrumblist","itemListElement":[{"@type":"ListItem","@id":"https:\/\/physiqueswimming.com\/es#listItem","position":1,"name":"Home","item":"https:\/\/physiqueswimming.com\/es","nextItem":{"@type":"ListItem","@id":"https:\/\/physiqueswimming.com\/es\/schedules\/#listItem","name":"Schedules"}},{"@type":"ListItem","@id":"https:\/\/physiqueswimming.com\/es\/schedules\/#listItem","position":2,"name":"Schedules","previousItem":{"@type":"ListItem","@id":"https:\/\/physiqueswimming.com\/es#listItem","name":"Home"}}]},{"@type":"Organization","@id":"https:\/\/physiqueswimming.com\/es\/#organization","name":"Physique Swimming","description":"Top-ranked swim school proudly serving NYC and NJ for over 20 years. We offer a full range of swimming lessons, camps, American Red Cross training, and for all ages and abilities. Learn to Swim. Love the Water","url":"https:\/\/physiqueswimming.com\/es\/","email":"info@physiqueswimming.com","telephone":"+12127250939","foundingDate":"2005-01-01","numberOfEmployees":{"@type":"QuantitativeValue","minValue":0,"maxValue":100},"logo":{"@type":"ImageObject","url":"https:\/\/physiqueswimming.com\/wp-content\/uploads\/2020\/03\/ps_logo_banner.png","@id":"https:\/\/physiqueswimming.com\/es\/schedules\/#organizationLogo","width":750,"height":500},"image":{"@id":"https:\/\/physiqueswimming.com\/es\/schedules\/#organizationLogo"},"sameAs":["https:\/\/www.facebook.com\/Physiqueswimming\/","https:\/\/www.instagram.com\/physiqueswimming","https:\/\/www.tiktok.com\/@physiqueswimming","https:\/\/www.yelp.com\/biz\/physique-swimming-new-york-2?osq=Physique+Swimming"]},{"@type":"WebPage","@id":"https:\/\/physiqueswimming.com\/es\/schedules\/#webpage","url":"https:\/\/physiqueswimming.com\/es\/schedules\/","name":"Swim Class Schedules - NYC & NJ \u203a Physique Swimming","description":"View Physique Swimming\u2019s NYC & NJ swim class schedules. Find kids, adult, and family swimming lessons near you. Enroll today and make a splash!","inLanguage":"es-DO","isPartOf":{"@id":"https:\/\/physiqueswimming.com\/es\/#website"},"breadcrumb":{"@id":"https:\/\/physiqueswimming.com\/es\/schedules\/#breadcrumblist"},"image":{"@type":"ImageObject","url":"https:\/\/physiqueswimming.com\/wp-content\/uploads\/2025\/07\/PSwim7925-6-1-scaled.jpg","@id":"https:\/\/physiqueswimming.com\/es\/schedules\/#mainImage","width":2560,"height":1707,"caption":"Indoor swimming pool with starting blocks, depth marker, staff member on deck, and tiled walls"},"primaryImageOfPage":{"@id":"https:\/\/physiqueswimming.com\/es\/schedules\/#mainImage"},"datePublished":"2024-08-15T17:42:57+00:00","dateModified":"2025-10-22T15:42:21+00:00"},{"@type":"WebSite","@id":"https:\/\/physiqueswimming.com\/es\/#website","url":"https:\/\/physiqueswimming.com\/es\/","name":"Physique Swimming","alternateName":"Physique Swim School","description":"Learn to Swim. Love the Water","inLanguage":"es-DO","publisher":{"@id":"https:\/\/physiqueswimming.com\/es\/#organization"}}]},"og:locale":"es_ES","og:site_name":"Physique Swimming","og:type":"article","og:title":"Swim Class Schedules - NYC &amp; NJ \u203a Physique Swimming","og:description":"View Physique Swimming\u2019s NYC &amp; NJ swim class schedules. Find kids, adult, and family swimming lessons near you. Enroll today and make a splash!","og:url":"https:\/\/physiqueswimming.com\/schedules\/","fb:admins":"1074570111","og:image":"https:\/\/physiqueswimming.com\/wp-content\/uploads\/2020\/03\/cropped-ps_logo_banner.png","og:image:secure_url":"https:\/\/physiqueswimming.com\/wp-content\/uploads\/2020\/03\/cropped-ps_logo_banner.png","og:image:width":512,"og:image:height":512,"article:published_time":"2024-08-15T17:42:57+00:00","article:modified_time":"2025-10-22T15:42:21+00:00","article:publisher":"https:\/\/www.facebook.com\/Physiqueswimming\/","twitter:card":"summary_large_image","twitter:title":"Swim Class Schedules - NYC &amp; NJ \u203a Physique Swimming","twitter:description":"View Physique Swimming\u2019s NYC &amp; NJ swim class schedules. Find kids, adult, and family swimming lessons near you. Enroll today and make a splash!","twitter:image":"https:\/\/physiqueswimming.com\/wp-content\/uploads\/2020\/03\/cropped-ps_logo_banner.png"},"aioseo_meta_data":{"post_id":"5404","title":"Swim Class Schedules - NYC &amp; NJ #separator_sa #site_title","description":"View Physique Swimming\u2019s NYC &amp; NJ swim class schedules. Find kids, adult, and family swimming lessons near you. Enroll today and make a splash!","keywords":null,"keyphrases":{"focus":{"keyphrase":"schedules","score":75,"analysis":{"keyphraseInTitle":{"score":9,"maxScore":9,"error":0},"keyphraseInDescription":{"score":9,"maxScore":9,"error":0},"keyphraseLength":{"score":9,"maxScore":9,"error":0,"length":1},"keyphraseInURL":{"score":5,"maxScore":5,"error":0},"keyphraseInIntroduction":{"score":9,"maxScore":9,"error":0},"keyphraseInSubHeadings":{"score":3,"maxScore":9,"error":1},"keyphraseInImageAlt":[],"keywordDensity":{"type":"high","score":0,"maxScore":9,"error":1}}},"additional":[{"keyphrase":"Swim class Schedules","score":75,"analysis":{"keyphraseInDescription":{"score":9,"maxScore":9,"error":0},"keyphraseLength":{"score":9,"maxScore":9,"error":0,"length":3},"keyphraseInIntroduction":{"score":9,"maxScore":9,"error":0},"keyphraseInImageAlt":[],"keywordDensity":{"type":"high","score":0,"maxScore":9,"error":1}}}]},"primary_term":null,"canonical_url":"https:\/\/physiqueswimming.com\/schedules\/","og_title":null,"og_description":null,"og_object_type":"default","og_image_type":"default","og_image_url":null,"og_image_width":null,"og_image_height":null,"og_image_custom_url":null,"og_image_custom_fields":null,"og_video":"","og_custom_url":null,"og_article_section":null,"og_article_tags":null,"twitter_use_og":false,"twitter_card":"default","twitter_image_type":"default","twitter_image_url":null,"twitter_image_custom_url":null,"twitter_image_custom_fields":null,"twitter_title":null,"twitter_description":null,"schema":{"blockGraphs":[],"customGraphs":[],"default":{"data":{"Article":[],"Course":[],"Dataset":[],"FAQPage":[],"Movie":[],"Person":[],"Product":[],"ProductReview":[],"Car":[],"Recipe":[],"Service":[],"SoftwareApplication":[],"WebPage":[]},"graphName":"WebPage","isEnabled":true},"graphs":[]},"schema_type":"default","schema_type_options":null,"pillar_content":false,"robots_default":true,"robots_noindex":false,"robots_noarchive":false,"robots_nosnippet":false,"robots_nofollow":false,"robots_noimageindex":false,"robots_noodp":false,"robots_notranslate":false,"robots_max_snippet":"-1","robots_max_videopreview":"-1","robots_max_imagepreview":"large","priority":null,"frequency":"default","local_seo":null,"seo_analyzer_scan_date":"2025-10-22 15:54:50","breadcrumb_settings":null,"limit_modified_date":false,"reviewed_by":"0","open_ai":"{\"title\":{\"suggestions\":[],\"usage\":0},\"description\":{\"suggestions\":[],\"usage\":0}}","ai":{"faqs":[],"keyPoints":[],"titles":[],"descriptions":[],"socialPosts":{"email":[],"linkedin":[],"twitter":[],"facebook":[],"instagram":[]}},"created":"2024-11-19 16:01:52","updated":"2025-10-22 15:54:50"},"aioseo_breadcrumb":"<div class=\"aioseo-breadcrumbs\"><span class=\"aioseo-breadcrumb\">\n\t<a href=\"https:\/\/physiqueswimming.com\/es\" title=\"Home\">Home<\/a>\n<\/span><span class=\"aioseo-breadcrumb-separator\">\u00bb<\/span><span class=\"aioseo-breadcrumb\">\n\tSchedules\n<\/span><\/div>","aioseo_breadcrumb_json":[{"label":"Home","link":"https:\/\/physiqueswimming.com\/es"},{"label":"Schedules","link":"https:\/\/physiqueswimming.com\/es\/schedules\/"}],"_links":{"self":[{"href":"https:\/\/physiqueswimming.com\/es\/wp-json\/wp\/v2\/pages\/5404","targetHints":{"allow":["GET"]}}],"collection":[{"href":"https:\/\/physiqueswimming.com\/es\/wp-json\/wp\/v2\/pages"}],"about":[{"href":"https:\/\/physiqueswimming.com\/es\/wp-json\/wp\/v2\/types\/page"}],"author":[{"embeddable":true,"href":"https:\/\/physiqueswimming.com\/es\/wp-json\/wp\/v2\/users\/10"}],"replies":[{"embeddable":true,"href":"https:\/\/physiqueswimming.com\/es\/wp-json\/wp\/v2\/comments?post=5404"}],"version-history":[{"count":27,"href":"https:\/\/physiqueswimming.com\/es\/wp-json\/wp\/v2\/pages\/5404\/revisions"}],"predecessor-version":[{"id":7748,"href":"https:\/\/physiqueswimming.com\/es\/wp-json\/wp\/v2\/pages\/5404\/revisions\/7748"}],"wp:featuredmedia":[{"embeddable":true,"href":"https:\/\/physiqueswimming.com\/es\/wp-json\/wp\/v2\/media\/7290"}],"wp:attachment":[{"href":"https:\/\/physiqueswimming.com\/es\/wp-json\/wp\/v2\/media?parent=5404"}],"curies":[{"name":"wp","href":"https:\/\/api.w.org\/{rel}","templated":true}]}}