{"id":232,"date":"2015-06-14T22:39:26","date_gmt":"2015-06-14T22:39:26","guid":{"rendered":"http:\/\/www.physiqueswimming.com\/?page_id=232"},"modified":"2025-09-18T17:04:34","modified_gmt":"2025-09-18T17:04:34","slug":"advanced-1","status":"publish","type":"page","link":"https:\/\/physiqueswimming.com\/es\/swim-lessons\/advanced-1\/","title":{"rendered":"Avanzado 1"},"content":{"rendered":"<section class=\"wpb-content-wrapper\"><div class=\"vc_row wpb_row vc_row-fluid dt-default\" style=\"margin-top: -50px;margin-bottom: -50px\"><div class=\"wpb_column vc_column_container vc_col-sm-12\"><div class=\"vc_column-inner\"><div class=\"wpb_wrapper\"><div id=\"ultimate-heading-980869f5c4c68f346\" class=\"uvc-heading ult-adjust-bottom-margin ultimate-heading-980869f5c4c68f346 uvc-3884\" data-hspacer=\"line_only\"  data-halign=\"left\" style=\"text-align:left\"><div class=\"uvc-main-heading ult-responsive\"  data-ultimate-target='.uvc-heading.ultimate-heading-980869f5c4c68f346 h1'  data-responsive-json-new='{\"font-size\":\"desktop:36px;tablet:32px;tablet_portrait:28px;mobile_landscape:24px;mobile:20px;\",\"line-height\":\"\"}' ><h1 style=\"font-family:&#039;Inter&#039;;font-weight:500;color:#377aa8;margin-top:10px;\">Avanzado 1 (Preparaci\u00f3n para la carrera)<\/h1><\/div><div class=\"uvc-heading-spacer line_only\" style=\"margin-bottom:5px;height:1px;\"><span class=\"uvc-headings-line\" style=\"border-style:solid;border-bottom-width:1px;border-color:#377aa8;width:autopx;\"><\/span><\/div><\/div>\n\t<div class=\"wpb_text_column wpb_content_element  vc_custom_1758215066316\" >\n\t\t<div class=\"wpb_wrapper\">\n\t\t\t<p>Nuestras clases de nataci\u00f3n Avanzado 1 desarrollan nadadores seguros e independientes. Los ni\u00f1os (de 5 a 8 a\u00f1os) perfeccionan el estilo libre y la espalda, dominan la respiraci\u00f3n rotatoria y tienen una primera introducci\u00f3n a la braza y la mariposa, mientras aumentan su resistencia en clases de 30 a 60 minutos en grupos peque\u00f1os.<\/p>\n\n\t\t<\/div>\n\t<\/div>\n<div class=\"vc_row wpb_row vc_inner vc_row-fluid vc_custom_1758214329527 vc_row-o-equal-height vc_row-flex\"><div class=\"wpb_column vc_column_container vc_col-sm-6\"><div class=\"vc_column-inner\"><div class=\"wpb_wrapper\"><div class=\"ult-content-box-container\" >\t\t<div class=\"ult-content-box\" style=\"background-image:url(&#039;https:\/\/physiqueswimming.com\/wp-content\/uploads\/2025\/08\/\ucd94\uc0c1-\ubb3c-\ud30c\ub3c4-\ubca1\ud130-\uc77c\ub7ec\uc2a4\ud2b8-\ub808\uc774-\uc158-\ub514\uc790\uc778-\ubc30\uacbd-_-\ud504\ub9ac\ubbf8\uc5c4-\ubca1\ud130.jpeg&#039;);background-size: cover;background-repeat: repeat;background-position: center center;background-color: rgba(0, 0, 0, 0);box-shadow: px px px px none;border-style:solid;border-width:3px;border-radius:10px;border-color:#377aa8;padding:20px;margin:10px;-webkit-transition: all 700ms ease;-moz-transition: all 700ms ease;-ms-transition: all 700ms ease;-o-transition: all 700ms ease;transition: all 700ms ease;\"  data-hover_box_shadow=\"none\"  data-hover_border_color=\"#377aa8\"    data-normal_margins=\"margin:10px;\"   data-border_color=\"#377aa8\" ><div id=\"ultimate-heading-812669f5c4c690666\" class=\"uvc-heading ult-adjust-bottom-margin ultimate-heading-812669f5c4c690666 uvc-205\" data-hspacer=\"line_only\"  data-halign=\"left\" style=\"text-align:left\"><div class=\"uvc-main-heading ult-responsive\"  data-ultimate-target='.uvc-heading.ultimate-heading-812669f5c4c690666 h2'  data-responsive-json-new='{\"font-size\":\"desktop:24px;tablet:20px;tablet_portrait:20px;mobile_landscape:18px;mobile:16px;\",\"line-height\":\"\"}' ><h2 style=\"font-family:&#039;Inter&#039;;font-weight:500;color:#377aa8;margin-top:10px;\">Avanzado 1 (Preparaci\u00f3n para la carrera)<\/h2><\/div><div class=\"uvc-heading-spacer line_only\" style=\"margin-bottom:5px;height:1px;\"><span class=\"uvc-headings-line\" style=\"border-style:solid;border-bottom-width:1px;border-color:#377aa8;width:autopx;\"><\/span><\/div><\/div><div  class=\"vc_toggle vc_toggle_round vc_toggle_color_orange  vc_toggle_size_lg\"><div class=\"vc_toggle_title\"><h2 style=\"font-size: 24px;color: #ffa500;text-align: left;font-family:Lato;font-weight:700;font-style:normal\" class=\"vc_custom_heading\" >Informaci\u00f3n del curso:<\/h2><i class=\"vc_toggle_icon\"><\/i><\/div><div class=\"vc_toggle_content\"><ul>\n<li><strong>Editar para: 5 a\u00f1os<\/strong>\u00a0\u2013 8 a\u00f1os<\/li>\n<li><strong>Tama\u00f1o de la clase:<\/strong> 5:1<\/li>\n<li><strong>Duraci\u00f3n de la clase:<\/strong> 30 minutos, 60 minutos<\/li>\n<li><strong>Se requiere gorro y gafas de nataci\u00f3n<\/strong><\/li>\n<\/ul>\n<\/div><\/div>\n\t<div class=\"wpb_text_column wpb_content_element\" >\n\t\t<div class=\"wpb_wrapper\">\n\t\t\t<p data-sourcepos=\"3:1-3:198\">Los nadadores que han superado el nivel Principiante 2 ya pueden nadar de forma independiente entre 4 y 6 pies y pueden demostrar con seguridad todas las habilidades fundamentales (inmersi\u00f3n, flotaci\u00f3n, deslizamiento, balanceo y crol frontal). En esta clase, los nadadores adquirir\u00e1n confianza nadando en aguas profundas y desarrollar\u00e1n a\u00fan m\u00e1s su equilibrio y coordinaci\u00f3n perfeccionando su estilo libre y espalda y dominando la respiraci\u00f3n rotatoria a trav\u00e9s de ejercicios atractivos. Los nadadores se inician en los fundamentos de la braza y la mariposa y contin\u00faan desarrollando su resistencia nadando distancias m\u00e1s largas.<\/p>\n<p><strong>Habilidades clave: <\/strong><\/p>\n<ul>\n<li>Respiraci\u00f3n rotativa<\/li>\n<li>Estilo libre y espalda<\/li>\n<li>Fundamentos de braza y mariposa<\/li>\n<li>Inmersiones de rodillas y de pie<\/li>\n<li>Inmersiones en aguas profundas y nataci\u00f3n<\/li>\n<li>En el agua<\/li>\n<\/ul>\n\n\t\t<\/div>\n\t<\/div>\n\t\t<\/div><\/div><\/div><\/div><\/div><div class=\"wpb_column vc_column_container vc_col-sm-6\"><div class=\"vc_column-inner vc_custom_1754386724826\"><div class=\"wpb_wrapper\">\n\t<div  class=\"wpb_single_image wpb_content_element vc_align_center  vc_custom_1758214399685\">\n\t\t\n\t\t<figure class=\"wpb_wrapper vc_figure\">\n\t\t\t<div class=\"vc_single_image-wrapper vc_box_rounded  vc_box_border_grey\"><img loading=\"lazy\" decoding=\"async\" width=\"525\" height=\"350\" src=\"https:\/\/physiqueswimming.com\/wp-content\/uploads\/2024\/10\/A1.2.jpg\" class=\"vc_single_image-img attachment-full\" alt=\"Advanced 1 swim class (ages 5\u20138) practicing kicking in an indoor pool.\" title=\"advanced-1-stroke-readiness-ages-5-8.jpg\" srcset=\"https:\/\/physiqueswimming.com\/wp-content\/uploads\/2024\/10\/A1.2.jpg 525w, https:\/\/physiqueswimming.com\/wp-content\/uploads\/2024\/10\/A1.2-300x200.jpg 300w\" sizes=\"auto, (max-width: 525px) 100vw, 525px\"  data-dt-location=\"https:\/\/physiqueswimming.com\/es\/swim-lessons\/advanced-1\/a1-2\/\" \/><\/div>\n\t\t<\/figure>\n\t<\/div>\n<div class=\"ult-content-box-container\" >\t\t<div class=\"ult-content-box\" style=\"box-shadow: px px px px none;padding:20px;margin:10px;-webkit-transition: all 700ms ease;-moz-transition: all 700ms ease;-ms-transition: all 700ms ease;-o-transition: all 700ms ease;transition: all 700ms ease;\"  data-hover_box_shadow=\"none\"    data-normal_margins=\"margin:10px;\"  ><div class=\"vc_custom_1754387151919 ubtn-ctn-center\"><a class=\"ubtn-link ult-adjust-bottom-margin ubtn-center ubtn-block\" href=\"https:\/\/physiqueswimming.com\/es\/login\/\" title=\"Iniciar sesi\u00f3n y matricularse\" target=\"_blank\" rel=\"noopener nofollow\" ><button type=\"button\" id=\"ubtn-9318\"  class=\"ubtn ult-adjust-bottom-margin ult-responsive ubtn-block ubtn-no-hover-bg  ulta-pulse-grow  ubtn-sep-icon ubtn-sep-icon-at-left  ubtn-center   tooltip-69f5c4c692c64 ubtn-block\"  data-hover=\"#ffffff\" data-border-color=\"#ffa500\" data-bg=\"#ffa500\" data-hover-bg=\"#ffa500\" data-border-hover=\"#ffa500\" data-shadow-hover=\"\" data-shadow-click=\"none\" data-shadow=\"\" data-shd-shadow=\"\"  data-ultimate-target='#ubtn-9318'  data-responsive-json-new='{\"font-size\":\"desktop:24px;\",\"line-height\":\"\"}'  style=\"font-family:&#039;Inter&#039;;font-weight:500;border-radius:10px;border-width:1px;border-color:#ffa500;border-style:solid;background: #ffa500;color: #ffffff;\"><span class=\"ubtn-data ubtn-icon\"><i class=\"Defaults-check\" style=\"font-size:28px;color:#ffffff;\"><\/i><\/span><span class=\"ubtn-hover\" style=\"background-color:#ffa500\"><\/span><span class=\"ubtn-data ubtn-text\" >Inscr\u00edbete hoy<\/span><\/button><\/a><\/div>\t\t<\/div><\/div><\/div><\/div><\/div><\/div><\/div><\/div><\/div><\/div>\n<\/section>","protected":false},"excerpt":{"rendered":"<p>Advanced 1 (Stroke Readiness) Our Advanced 1 swim lessons build confident, independent swimmers. Kids (ages 5-8) refine freestyle and backstroke, master rotary breathing, and get a first look at breaststroke and butterfly\u2014while growing stamina in 30\u201360 minute, small-group classes. Advanced 1 (Stroke Readiness)Course Info: Ages: 5\u00a0&#8211; 8 years Class Size: 5:1 Class Length: 30 minutes,&hellip;<\/p>","protected":false},"author":1,"featured_media":5449,"parent":128,"menu_order":0,"comment_status":"closed","ping_status":"closed","template":"","meta":{"_monsterinsights_skip_tracking":false,"_monsterinsights_sitenote_active":false,"_monsterinsights_sitenote_note":"","_monsterinsights_sitenote_category":0,"_uf_show_specific_survey":0,"_uf_disable_surveys":false},"class_list":["post-232","page","type-page","status-publish","has-post-thumbnail","hentry","description-off"],"aioseo_notices":[],"aioseo_head":"\n\t\t<!-- All in One SEO Pro 4.9.6.2 - aioseo.com -->\n\t<meta name=\"description\" content=\"Advanced 1 swim lessons for kids ages 5\u20138. Develop stroke readiness\u2014freestyle, backstroke; intro to breaststroke &amp; butterfly.\" \/>\n\t<meta name=\"robots\" content=\"max-image-preview:large\" \/>\n\t<meta name=\"google-site-verification\" content=\"y_J5oO9rOvnIwIyKlTylHXFhmjXxJSB4XGCsbrYK0GE\" \/>\n\t<link rel=\"canonical\" href=\"https:\/\/physiqueswimming.com\/es\/swim-lessons\/advanced-1\/\" \/>\n\t<meta name=\"generator\" content=\"All in One SEO Pro (AIOSEO) 4.9.6.2\" \/>\n\t\t<meta property=\"og:locale\" content=\"es_ES\" \/>\n\t\t<meta property=\"og:site_name\" content=\"Physique Swimming\" \/>\n\t\t<meta property=\"og:type\" content=\"article\" \/>\n\t\t<meta property=\"og:title\" content=\"Advanced 1 Stroke Readiness | Physique Swimming\" \/>\n\t\t<meta property=\"og:description\" content=\"Advanced 1 swim lessons for kids ages 5\u20138. Develop stroke readiness\u2014freestyle, backstroke; intro to breaststroke &amp; butterfly.\" \/>\n\t\t<meta property=\"og:url\" content=\"https:\/\/physiqueswimming.com\/es\/swim-lessons\/advanced-1\/\" \/>\n\t\t<meta property=\"fb:admins\" content=\"1074570111\" \/>\n\t\t<meta property=\"og:image\" content=\"https:\/\/physiqueswimming.com\/wp-content\/uploads\/2020\/03\/cropped-ps_logo_banner.png\" \/>\n\t\t<meta property=\"og:image:secure_url\" content=\"https:\/\/physiqueswimming.com\/wp-content\/uploads\/2020\/03\/cropped-ps_logo_banner.png\" \/>\n\t\t<meta property=\"og:image:width\" content=\"512\" \/>\n\t\t<meta property=\"og:image:height\" content=\"512\" \/>\n\t\t<meta property=\"article:published_time\" content=\"2015-06-14T22:39:26+00:00\" \/>\n\t\t<meta property=\"article:modified_time\" content=\"2025-09-18T17:04:34+00:00\" \/>\n\t\t<meta property=\"article:publisher\" content=\"https:\/\/www.facebook.com\/Physiqueswimming\/\" \/>\n\t\t<meta name=\"twitter:card\" content=\"summary_large_image\" \/>\n\t\t<meta name=\"twitter:title\" content=\"Advanced 1 Stroke Readiness | Physique Swimming\" \/>\n\t\t<meta name=\"twitter:description\" content=\"Advanced 1 swim lessons for kids ages 5\u20138. Develop stroke readiness\u2014freestyle, backstroke; intro to breaststroke &amp; butterfly.\" \/>\n\t\t<meta name=\"twitter:image\" content=\"https:\/\/physiqueswimming.com\/wp-content\/uploads\/2020\/03\/cropped-ps_logo_banner.png\" \/>\n\t\t<script type=\"application\/ld+json\" class=\"aioseo-schema\">\n\t\t\t{\"@context\":\"https:\\\/\\\/schema.org\",\"@graph\":[{\"@type\":\"BreadcrumbList\",\"@id\":\"https:\\\/\\\/physiqueswimming.com\\\/es\\\/swim-lessons\\\/advanced-1\\\/#breadcrumblist\",\"itemListElement\":[{\"@type\":\"ListItem\",\"@id\":\"https:\\\/\\\/physiqueswimming.com\\\/es#listItem\",\"position\":1,\"name\":\"Home\",\"item\":\"https:\\\/\\\/physiqueswimming.com\\\/es\",\"nextItem\":{\"@type\":\"ListItem\",\"@id\":\"https:\\\/\\\/physiqueswimming.com\\\/es\\\/swim-lessons\\\/#listItem\",\"name\":\"Swimming Lessons\"}},{\"@type\":\"ListItem\",\"@id\":\"https:\\\/\\\/physiqueswimming.com\\\/es\\\/swim-lessons\\\/#listItem\",\"position\":2,\"name\":\"Swimming Lessons\",\"item\":\"https:\\\/\\\/physiqueswimming.com\\\/es\\\/swim-lessons\\\/\",\"nextItem\":{\"@type\":\"ListItem\",\"@id\":\"https:\\\/\\\/physiqueswimming.com\\\/es\\\/swim-lessons\\\/advanced-1\\\/#listItem\",\"name\":\"Advanced 1\"},\"previousItem\":{\"@type\":\"ListItem\",\"@id\":\"https:\\\/\\\/physiqueswimming.com\\\/es#listItem\",\"name\":\"Home\"}},{\"@type\":\"ListItem\",\"@id\":\"https:\\\/\\\/physiqueswimming.com\\\/es\\\/swim-lessons\\\/advanced-1\\\/#listItem\",\"position\":3,\"name\":\"Advanced 1\",\"previousItem\":{\"@type\":\"ListItem\",\"@id\":\"https:\\\/\\\/physiqueswimming.com\\\/es\\\/swim-lessons\\\/#listItem\",\"name\":\"Swimming Lessons\"}}]},{\"@type\":\"Organization\",\"@id\":\"https:\\\/\\\/physiqueswimming.com\\\/es\\\/#organization\",\"name\":\"Physique Swimming\",\"description\":\"Top-ranked swim school proudly serving NYC and NJ for over 20 years. We offer a full range of swimming lessons, camps, American Red Cross training, and for all ages and abilities. Learn to Swim. Love the Water\",\"url\":\"https:\\\/\\\/physiqueswimming.com\\\/es\\\/\",\"email\":\"info@physiqueswimming.com\",\"telephone\":\"+12127250939\",\"foundingDate\":\"2005-01-01\",\"numberOfEmployees\":{\"@type\":\"QuantitativeValue\",\"minValue\":0,\"maxValue\":100},\"logo\":{\"@type\":\"ImageObject\",\"url\":\"https:\\\/\\\/physiqueswimming.com\\\/wp-content\\\/uploads\\\/2020\\\/03\\\/ps_logo_banner.png\",\"@id\":\"https:\\\/\\\/physiqueswimming.com\\\/es\\\/swim-lessons\\\/advanced-1\\\/#organizationLogo\",\"width\":750,\"height\":500},\"image\":{\"@id\":\"https:\\\/\\\/physiqueswimming.com\\\/es\\\/swim-lessons\\\/advanced-1\\\/#organizationLogo\"},\"sameAs\":[\"https:\\\/\\\/www.facebook.com\\\/Physiqueswimming\\\/\",\"https:\\\/\\\/www.instagram.com\\\/physiqueswimming\",\"https:\\\/\\\/www.tiktok.com\\\/@physiqueswimming\",\"https:\\\/\\\/www.yelp.com\\\/biz\\\/physique-swimming-new-york-2?osq=Physique+Swimming\"]},{\"@type\":\"WebPage\",\"@id\":\"https:\\\/\\\/physiqueswimming.com\\\/es\\\/swim-lessons\\\/advanced-1\\\/#webpage\",\"url\":\"https:\\\/\\\/physiqueswimming.com\\\/es\\\/swim-lessons\\\/advanced-1\\\/\",\"name\":\"Advanced 1 Stroke Readiness | Physique Swimming\",\"description\":\"Advanced 1 swim lessons for kids ages 5\\u20138. Develop stroke readiness\\u2014freestyle, backstroke; intro to breaststroke & butterfly.\",\"inLanguage\":\"es-DO\",\"isPartOf\":{\"@id\":\"https:\\\/\\\/physiqueswimming.com\\\/es\\\/#website\"},\"breadcrumb\":{\"@id\":\"https:\\\/\\\/physiqueswimming.com\\\/es\\\/swim-lessons\\\/advanced-1\\\/#breadcrumblist\"},\"image\":{\"@type\":\"ImageObject\",\"url\":\"https:\\\/\\\/physiqueswimming.com\\\/wp-content\\\/uploads\\\/2024\\\/10\\\/A1.2.jpg\",\"@id\":\"https:\\\/\\\/physiqueswimming.com\\\/es\\\/swim-lessons\\\/advanced-1\\\/#mainImage\",\"width\":525,\"height\":350,\"caption\":\"Advanced 1 swim class (ages 5\\u20138) practicing kicking in an indoor pool.\"},\"primaryImageOfPage\":{\"@id\":\"https:\\\/\\\/physiqueswimming.com\\\/es\\\/swim-lessons\\\/advanced-1\\\/#mainImage\"},\"datePublished\":\"2015-06-14T22:39:26+00:00\",\"dateModified\":\"2025-09-18T17:04:34+00:00\"},{\"@type\":\"WebSite\",\"@id\":\"https:\\\/\\\/physiqueswimming.com\\\/es\\\/#website\",\"url\":\"https:\\\/\\\/physiqueswimming.com\\\/es\\\/\",\"name\":\"Physique Swimming\",\"alternateName\":\"Physique Swim School\",\"description\":\"Learn to Swim. Love the Water\",\"inLanguage\":\"es-DO\",\"publisher\":{\"@id\":\"https:\\\/\\\/physiqueswimming.com\\\/es\\\/#organization\"}}]}\n\t\t<\/script>\n\t\t<!-- All in One SEO Pro -->\r\n\t\t<title>Advanced 1 Stroke Readiness | Physique Swimming<\/title>\n\n","aioseo_head_json":{"title":"Advanced 1 Stroke Readiness | Physique Swimming","description":"Advanced 1 swim lessons for kids ages 5\u20138. Develop stroke readiness\u2014freestyle, backstroke; intro to breaststroke & butterfly.","canonical_url":"https:\/\/physiqueswimming.com\/es\/swim-lessons\/advanced-1\/","robots":"max-image-preview:large","keywords":"","webmasterTools":{"google-site-verification":"y_J5oO9rOvnIwIyKlTylHXFhmjXxJSB4XGCsbrYK0GE","miscellaneous":""},"schema":{"@context":"https:\/\/schema.org","@graph":[{"@type":"BreadcrumbList","@id":"https:\/\/physiqueswimming.com\/es\/swim-lessons\/advanced-1\/#breadcrumblist","itemListElement":[{"@type":"ListItem","@id":"https:\/\/physiqueswimming.com\/es#listItem","position":1,"name":"Home","item":"https:\/\/physiqueswimming.com\/es","nextItem":{"@type":"ListItem","@id":"https:\/\/physiqueswimming.com\/es\/swim-lessons\/#listItem","name":"Swimming Lessons"}},{"@type":"ListItem","@id":"https:\/\/physiqueswimming.com\/es\/swim-lessons\/#listItem","position":2,"name":"Swimming Lessons","item":"https:\/\/physiqueswimming.com\/es\/swim-lessons\/","nextItem":{"@type":"ListItem","@id":"https:\/\/physiqueswimming.com\/es\/swim-lessons\/advanced-1\/#listItem","name":"Advanced 1"},"previousItem":{"@type":"ListItem","@id":"https:\/\/physiqueswimming.com\/es#listItem","name":"Home"}},{"@type":"ListItem","@id":"https:\/\/physiqueswimming.com\/es\/swim-lessons\/advanced-1\/#listItem","position":3,"name":"Advanced 1","previousItem":{"@type":"ListItem","@id":"https:\/\/physiqueswimming.com\/es\/swim-lessons\/#listItem","name":"Swimming Lessons"}}]},{"@type":"Organization","@id":"https:\/\/physiqueswimming.com\/es\/#organization","name":"Physique Swimming","description":"Top-ranked swim school proudly serving NYC and NJ for over 20 years. We offer a full range of swimming lessons, camps, American Red Cross training, and for all ages and abilities. Learn to Swim. Love the Water","url":"https:\/\/physiqueswimming.com\/es\/","email":"info@physiqueswimming.com","telephone":"+12127250939","foundingDate":"2005-01-01","numberOfEmployees":{"@type":"QuantitativeValue","minValue":0,"maxValue":100},"logo":{"@type":"ImageObject","url":"https:\/\/physiqueswimming.com\/wp-content\/uploads\/2020\/03\/ps_logo_banner.png","@id":"https:\/\/physiqueswimming.com\/es\/swim-lessons\/advanced-1\/#organizationLogo","width":750,"height":500},"image":{"@id":"https:\/\/physiqueswimming.com\/es\/swim-lessons\/advanced-1\/#organizationLogo"},"sameAs":["https:\/\/www.facebook.com\/Physiqueswimming\/","https:\/\/www.instagram.com\/physiqueswimming","https:\/\/www.tiktok.com\/@physiqueswimming","https:\/\/www.yelp.com\/biz\/physique-swimming-new-york-2?osq=Physique+Swimming"]},{"@type":"WebPage","@id":"https:\/\/physiqueswimming.com\/es\/swim-lessons\/advanced-1\/#webpage","url":"https:\/\/physiqueswimming.com\/es\/swim-lessons\/advanced-1\/","name":"Advanced 1 Stroke Readiness | Physique Swimming","description":"Advanced 1 swim lessons for kids ages 5\u20138. Develop stroke readiness\u2014freestyle, backstroke; intro to breaststroke & butterfly.","inLanguage":"es-DO","isPartOf":{"@id":"https:\/\/physiqueswimming.com\/es\/#website"},"breadcrumb":{"@id":"https:\/\/physiqueswimming.com\/es\/swim-lessons\/advanced-1\/#breadcrumblist"},"image":{"@type":"ImageObject","url":"https:\/\/physiqueswimming.com\/wp-content\/uploads\/2024\/10\/A1.2.jpg","@id":"https:\/\/physiqueswimming.com\/es\/swim-lessons\/advanced-1\/#mainImage","width":525,"height":350,"caption":"Advanced 1 swim class (ages 5\u20138) practicing kicking in an indoor pool."},"primaryImageOfPage":{"@id":"https:\/\/physiqueswimming.com\/es\/swim-lessons\/advanced-1\/#mainImage"},"datePublished":"2015-06-14T22:39:26+00:00","dateModified":"2025-09-18T17:04:34+00:00"},{"@type":"WebSite","@id":"https:\/\/physiqueswimming.com\/es\/#website","url":"https:\/\/physiqueswimming.com\/es\/","name":"Physique Swimming","alternateName":"Physique Swim School","description":"Learn to Swim. Love the Water","inLanguage":"es-DO","publisher":{"@id":"https:\/\/physiqueswimming.com\/es\/#organization"}}]},"og:locale":"es_ES","og:site_name":"Physique Swimming","og:type":"article","og:title":"Advanced 1 Stroke Readiness | Physique Swimming","og:description":"Advanced 1 swim lessons for kids ages 5\u20138. Develop stroke readiness\u2014freestyle, backstroke; intro to breaststroke &amp; butterfly.","og:url":"https:\/\/physiqueswimming.com\/es\/swim-lessons\/advanced-1\/","fb:admins":"1074570111","og:image":"https:\/\/physiqueswimming.com\/wp-content\/uploads\/2020\/03\/cropped-ps_logo_banner.png","og:image:secure_url":"https:\/\/physiqueswimming.com\/wp-content\/uploads\/2020\/03\/cropped-ps_logo_banner.png","og:image:width":512,"og:image:height":512,"article:published_time":"2015-06-14T22:39:26+00:00","article:modified_time":"2025-09-18T17:04:34+00:00","article:publisher":"https:\/\/www.facebook.com\/Physiqueswimming\/","twitter:card":"summary_large_image","twitter:title":"Advanced 1 Stroke Readiness | Physique Swimming","twitter:description":"Advanced 1 swim lessons for kids ages 5\u20138. Develop stroke readiness\u2014freestyle, backstroke; intro to breaststroke &amp; butterfly.","twitter:image":"https:\/\/physiqueswimming.com\/wp-content\/uploads\/2020\/03\/cropped-ps_logo_banner.png"},"aioseo_meta_data":{"post_id":"232","title":"#post_title Stroke Readiness | #site_title","description":"Advanced 1 swim lessons for kids ages 5\u20138. Develop stroke readiness\u2014freestyle, backstroke; intro to breaststroke &amp; butterfly.","keywords":null,"keyphrases":{"focus":{"keyphrase":"Advanced 1","score":100,"analysis":{"keyphraseInTitle":{"score":9,"maxScore":9,"error":0},"keyphraseInDescription":{"score":9,"maxScore":9,"error":0},"keyphraseLength":{"score":9,"maxScore":9,"error":0,"length":2},"keyphraseInURL":{"score":5,"maxScore":5,"error":0},"keyphraseInIntroduction":{"score":9,"maxScore":9,"error":0},"keyphraseInSubHeadings":{"score":9,"maxScore":9,"error":0},"keyphraseInImageAlt":{"score":9,"maxScore":9,"error":0},"keywordDensity":{"type":"best","score":9,"maxScore":9,"error":0}}},"additional":[{"keyphrase":"swim lessons","score":100,"analysis":{"keyphraseInDescription":{"score":9,"maxScore":9,"error":0},"keyphraseLength":{"score":9,"maxScore":9,"error":0,"length":2},"keyphraseInIntroduction":{"score":9,"maxScore":9,"error":0},"keyphraseInImageAlt":{"score":9,"maxScore":9,"error":0},"keywordDensity":{"type":"best","score":9,"maxScore":9,"error":0}}}]},"primary_term":null,"canonical_url":null,"og_title":null,"og_description":null,"og_object_type":"default","og_image_type":"default","og_image_url":null,"og_image_width":null,"og_image_height":null,"og_image_custom_url":null,"og_image_custom_fields":null,"og_video":"","og_custom_url":null,"og_article_section":null,"og_article_tags":null,"twitter_use_og":false,"twitter_card":"default","twitter_image_type":"default","twitter_image_url":null,"twitter_image_custom_url":null,"twitter_image_custom_fields":null,"twitter_title":null,"twitter_description":null,"schema":{"blockGraphs":[],"customGraphs":[],"default":{"data":{"Article":[],"Course":[],"Dataset":[],"FAQPage":[],"Movie":[],"Person":[],"Product":[],"ProductReview":[],"Car":[],"Recipe":[],"Service":[],"SoftwareApplication":[],"WebPage":[]},"graphName":"WebPage","isEnabled":true},"graphs":[]},"schema_type":"default","schema_type_options":null,"pillar_content":false,"robots_default":true,"robots_noindex":false,"robots_noarchive":false,"robots_nosnippet":false,"robots_nofollow":false,"robots_noimageindex":false,"robots_noodp":false,"robots_notranslate":false,"robots_max_snippet":"-1","robots_max_videopreview":"-1","robots_max_imagepreview":"large","priority":null,"frequency":"default","local_seo":null,"seo_analyzer_scan_date":"2025-09-24 21:35:35","breadcrumb_settings":null,"limit_modified_date":false,"reviewed_by":"0","open_ai":"{\"title\":{\"suggestions\":[],\"usage\":0},\"description\":{\"suggestions\":[],\"usage\":0}}","ai":{"faqs":[],"keyPoints":[],"titles":[],"descriptions":[],"socialPosts":{"email":[],"linkedin":[],"twitter":[],"facebook":[],"instagram":[]}},"created":"2024-11-19 17:07:27","updated":"2025-10-22 03:46:36"},"aioseo_breadcrumb":"<div class=\"aioseo-breadcrumbs\"><span class=\"aioseo-breadcrumb\">\n\t<a href=\"https:\/\/physiqueswimming.com\/es\" title=\"Home\">Home<\/a>\n<\/span><span class=\"aioseo-breadcrumb-separator\">\u00bb<\/span><span class=\"aioseo-breadcrumb\">\n\t<a href=\"https:\/\/physiqueswimming.com\/es\/swim-lessons\/\" title=\"Swimming Lessons\">Swimming Lessons<\/a>\n<\/span><span class=\"aioseo-breadcrumb-separator\">\u00bb<\/span><span class=\"aioseo-breadcrumb\">\n\tAdvanced 1\n<\/span><\/div>","aioseo_breadcrumb_json":[{"label":"Home","link":"https:\/\/physiqueswimming.com\/es"},{"label":"Swimming Lessons","link":"https:\/\/physiqueswimming.com\/es\/swim-lessons\/"},{"label":"Advanced 1","link":"https:\/\/physiqueswimming.com\/es\/swim-lessons\/advanced-1\/"}],"_links":{"self":[{"href":"https:\/\/physiqueswimming.com\/es\/wp-json\/wp\/v2\/pages\/232","targetHints":{"allow":["GET"]}}],"collection":[{"href":"https:\/\/physiqueswimming.com\/es\/wp-json\/wp\/v2\/pages"}],"about":[{"href":"https:\/\/physiqueswimming.com\/es\/wp-json\/wp\/v2\/types\/page"}],"author":[{"embeddable":true,"href":"https:\/\/physiqueswimming.com\/es\/wp-json\/wp\/v2\/users\/1"}],"replies":[{"embeddable":true,"href":"https:\/\/physiqueswimming.com\/es\/wp-json\/wp\/v2\/comments?post=232"}],"version-history":[{"count":16,"href":"https:\/\/physiqueswimming.com\/es\/wp-json\/wp\/v2\/pages\/232\/revisions"}],"predecessor-version":[{"id":7687,"href":"https:\/\/physiqueswimming.com\/es\/wp-json\/wp\/v2\/pages\/232\/revisions\/7687"}],"up":[{"embeddable":true,"href":"https:\/\/physiqueswimming.com\/es\/wp-json\/wp\/v2\/pages\/128"}],"wp:featuredmedia":[{"embeddable":true,"href":"https:\/\/physiqueswimming.com\/es\/wp-json\/wp\/v2\/media\/5449"}],"wp:attachment":[{"href":"https:\/\/physiqueswimming.com\/es\/wp-json\/wp\/v2\/media?parent=232"}],"curies":[{"name":"wp","href":"https:\/\/api.w.org\/{rel}","templated":true}]}}